{"id":3707,"date":"2025-11-28T00:49:26","date_gmt":"2025-11-27T23:49:26","guid":{"rendered":"https:\/\/farmersingles.de\/magazin\/?page_id=3707"},"modified":"2025-11-28T14:50:39","modified_gmt":"2025-11-28T13:50:39","slug":"tv","status":"publish","type":"page","link":"https:\/\/farmersingles.de\/magazin\/tv\/","title":{"rendered":"FarmerSingles TV \u2013 Deine Mediathek f\u00fcr Landliebe, Tipps &#038; Unterhaltung"},"content":{"rendered":"\n<h2 class=\"wp-block-heading\">Herzlich willkommen bei <strong>FarmerSingles TV<\/strong>!<\/h2>\n\n\n\n<p>Hier dreht sich alles um bewegte Bilder f\u00fcr bewegte Herzen. Egal ob du handfeste Dating-Tipps suchst oder einfach mal herzlich \u00fcber die T\u00fccken der Landromantik lachen willst \u2013 hier bist du richtig.<\/p>\n\n\n\n<p>Lehn dich zur\u00fcck (oder park den Schlepper kurz) und klick dich durch unsere neuesten Videos.<\/p>\n\n\n\n<hr class=\"wp-block-separator has-alpha-channel-opacity\"\/>\n\n\n\n<h3 class=\"wp-block-heading\">Inhaltsverzeichnis<\/h3>\n\n\n\n<ul class=\"wp-block-list\">\n<li><a href=\"#single-experten-tipps\" title=\"\"><strong>Ratgeber &amp; Single Experten-Tipps<\/strong><\/a><\/li>\n\n\n\n<li><a href=\"#single-landleben-shorts\" title=\"\"><strong>Comedy &amp; Landleben-Shorts<\/strong><\/a><\/li>\n<\/ul>\n\n\n\n<hr class=\"wp-block-separator has-alpha-channel-opacity\"\/>\n\n\n\n<h3 class=\"wp-block-heading\" id=\"single-experten-tipps\">&#x1f393; Ratgeber &amp; Single Experten-Tipps<\/h3>\n\n\n\n<p><em>Wissen, das dich weiterbringt. Unsere Experten verraten, wie die Partnersuche auf dem Land wirklich funktioniert.<\/em><\/p>\n\n\n\n<div class=\"wp-block-columns is-layout-flex wp-container-core-columns-is-layout-9d6595d7 wp-block-columns-is-layout-flex\">\n<div class=\"wp-block-column is-layout-flow wp-block-column-is-layout-flow\" style=\"flex-basis:50%\">\n<figure class=\"wp-block-image\"><a href=\"https:\/\/farmersingles.de\/magazin\/farmersingles-tv\/partnersuche-landwirte-guide-video\/attachment\/partnersuche-landwirte-video-guide-leni\/\"><img decoding=\"async\" width=\"1515\" height=\"852\" src=\"https:\/\/farmersingles.de\/magazin\/wp-content\/uploads\/partnersuche-landwirte-video-guide-leni.png\" alt=\"Dating-Coach Leni gibt Tipps zur Partnersuche f\u00fcr Landwirte \u2013 Video Thumbnail FarmerSingles TV\" class=\"wp-image-3680\" srcset=\"https:\/\/farmersingles.de\/magazin\/wp-content\/uploads\/partnersuche-landwirte-video-guide-leni.png 1515w, https:\/\/farmersingles.de\/magazin\/wp-content\/uploads\/partnersuche-landwirte-video-guide-leni-300x169.png 300w\" sizes=\"(max-width: 1515px) 100vw, 1515px\" \/><\/a><\/figure>\n<\/div>\n\n\n\n<div class=\"wp-block-column is-layout-flow wp-block-column-is-layout-flow\" style=\"flex-basis:50%\">\n<p><strong>Partnersuche f\u00fcr Landwirte: Der ultimative Guide<\/strong> Dating-Coach Leni r\u00e4umt mit Klischees auf. In diesem Video erf\u00e4hrst du, warum Ehrlichkeit am Anfang alles entscheidet, wie du den Partner in den Hof-Alltag integrierst und warum ein Ehevertrag pure Romantik sein kann (wirklich!).<br>&#x1f449; <strong><a href=\"https:\/\/farmersingles.de\/magazin\/farmersingles-tv\/partnersuche-landwirte-guide-video\/\" title=\"\">[Zum Video-Beitrag ansehen]<\/a><\/strong><\/p>\n<\/div>\n<\/div>\n\n\n\n<hr class=\"wp-block-separator has-alpha-channel-opacity\"\/>\n\n\n\n<h3 class=\"wp-block-heading\" id=\"single-landleben-shorts\">&#x1f37f; Comedy &amp; Landleben-Shorts<\/h3>\n\n\n\n<p><em>Die Wahrheit \u00fcber das Dating auf dem Dorf \u2013 mit einem Augenzwinkern. Perfekt f\u00fcr die kurze Pause zwischendurch.<\/em><\/p>\n\n\n\n<div class=\"wp-block-media-text is-stacked-on-mobile\"><figure class=\"wp-block-media-text__media\"><a href=\"https:\/\/farmersingles.de\/magazin\/farmersingles-tv\/date-mit-landwirtin-no-gos-video\/attachment\/date-mit-landwirtin-no-gos-video-2\/\"><img decoding=\"async\" width=\"1024\" height=\"576\" src=\"https:\/\/farmersingles.de\/magazin\/wp-content\/uploads\/date-mit-landwirtin-no-gos-video-1024x576.jpg\" alt=\"Lustige Dating Tipps: Was man beim Date mit einer B\u00e4uerin nicht sagen sollte \u2013 Video Thumbnail\" class=\"wp-image-3683 size-full\" srcset=\"https:\/\/farmersingles.de\/magazin\/wp-content\/uploads\/date-mit-landwirtin-no-gos-video-1024x576.jpg 1024w, https:\/\/farmersingles.de\/magazin\/wp-content\/uploads\/date-mit-landwirtin-no-gos-video-300x169.jpg 300w, https:\/\/farmersingles.de\/magazin\/wp-content\/uploads\/date-mit-landwirtin-no-gos-video-768x432.jpg 768w, https:\/\/farmersingles.de\/magazin\/wp-content\/uploads\/date-mit-landwirtin-no-gos-video.jpg 1280w\" sizes=\"(max-width: 1024px) 100vw, 1024px\" \/><\/a><\/figure><div class=\"wp-block-media-text__content\">\n<p><strong>Date mit einer Landwirtin? Diese 4 S\u00e4tze sind absolut tabu!<\/strong> Du willst eine starke Frau vom Land beeindrucken? Dann streich diese S\u00e4tze aus deinem Wortschatz! Unser Schnelldurchlauf der schlimmsten Fettn\u00e4pfchen beim ersten Date. <br>&#x1f449; <strong><a href=\"https:\/\/farmersingles.de\/magazin\/farmersingles-tv\/date-mit-landwirtin-no-gos-video\/\" title=\"\">[Clip ansehen]<\/a><\/strong><\/p>\n<\/div><\/div>\n\n\n\n<hr class=\"wp-block-separator has-alpha-channel-opacity\"\/>\n\n\n\n<div class=\"wp-block-media-text is-stacked-on-mobile\"><figure class=\"wp-block-media-text__media\"><a href=\"https:\/\/farmersingles.de\/magazin\/farmersingles-tv\/landromantik-erwartung-vs-realitaet-video\/attachment\/landromantik-realitaet-meme-video\/\"><img decoding=\"async\" width=\"1024\" height=\"576\" src=\"https:\/\/farmersingles.de\/magazin\/wp-content\/uploads\/landromantik-realitaet-meme-video-1024x576.jpg\" alt=\"Lustiger Vergleich: Landromantik Erwartung vs. Realit\u00e4t auf dem Pickup \u2013 Video Thumbnail\" class=\"wp-image-3693 size-full\" srcset=\"https:\/\/farmersingles.de\/magazin\/wp-content\/uploads\/landromantik-realitaet-meme-video-1024x576.jpg 1024w, https:\/\/farmersingles.de\/magazin\/wp-content\/uploads\/landromantik-realitaet-meme-video-300x169.jpg 300w, https:\/\/farmersingles.de\/magazin\/wp-content\/uploads\/landromantik-realitaet-meme-video-768x432.jpg 768w, https:\/\/farmersingles.de\/magazin\/wp-content\/uploads\/landromantik-realitaet-meme-video.jpg 1280w\" sizes=\"(max-width: 1024px) 100vw, 1024px\" \/><\/a><\/figure><div class=\"wp-block-media-text__content\">\n<p><strong>Landromantik vs. Realit\u00e4t: Warum der Pickup gewinnt<\/strong> St\u00e4dter tr\u00e4umen vom Picknick auf der Blumenwiese. Landwirte wissen: Das Feierabendbier auf der Ladefl\u00e4che ist viel romantischer (und ehrlicher). Ein lustiger Realit\u00e4ts-Check. <br>&#x1f449; <strong><a href=\"https:\/\/farmersingles.de\/magazin\/farmersingles-tv\/landromantik-erwartung-vs-realitaet-video\/\" title=\"\">[Clip ansehen]<\/a><\/strong><\/p>\n<\/div><\/div>\n\n\n\n<hr class=\"wp-block-separator has-alpha-channel-opacity\"\/>\n\n\n\n<div class=\"wp-block-media-text is-stacked-on-mobile\"><figure class=\"wp-block-media-text__media\"><a href=\"https:\/\/farmersingles.de\/magazin\/farmersingles-tv\/bauer-fritz-steak-dinner-fail-video\/attachment\/bauer-fritz-steak-date-fail\/\"><img decoding=\"async\" width=\"1024\" height=\"576\" src=\"https:\/\/farmersingles.de\/magazin\/wp-content\/uploads\/bauer-fritz-steak-date-fail-1024x576.jpg\" alt=\"ustiger Dating Fail: Bauer Fritz serviert Kuh Berta beim romantischen Dinner \u2013 Video Thumbnail\" class=\"wp-image-3697 size-full\" srcset=\"https:\/\/farmersingles.de\/magazin\/wp-content\/uploads\/bauer-fritz-steak-date-fail-1024x576.jpg 1024w, https:\/\/farmersingles.de\/magazin\/wp-content\/uploads\/bauer-fritz-steak-date-fail-300x169.jpg 300w, https:\/\/farmersingles.de\/magazin\/wp-content\/uploads\/bauer-fritz-steak-date-fail-768x432.jpg 768w, https:\/\/farmersingles.de\/magazin\/wp-content\/uploads\/bauer-fritz-steak-date-fail.jpg 1280w\" sizes=\"(max-width: 1024px) 100vw, 1024px\" \/><\/a><\/figure><div class=\"wp-block-media-text__content\">\n<p><strong>Zu frisch? Bauer Fritz und das &#8222;perfekte&#8220; Steak-Dinner<\/strong> Liebe geht durch den Magen \u2013 aber muss man das Steak gleich beim Vornamen nennen? Bauer Fritz zeigt unfreiwillig, warum zu viel Ehrlichkeit beim Dinner die Stimmung killen kann. &#x1f449; <strong><a href=\"https:\/\/farmersingles.de\/magazin\/farmersingles-tv\/bauer-fritz-steak-dinner-fail-video\/\" title=\"\">[Clip ansehen]<\/a><\/strong><\/p>\n<\/div><\/div>\n\n\n\n<hr class=\"wp-block-separator has-alpha-channel-opacity\"\/>\n\n\n\n<div class=\"wp-block-media-text is-stacked-on-mobile\"><figure class=\"wp-block-media-text__media\"><img decoding=\"async\" width=\"1024\" height=\"576\" src=\"https:\/\/farmersingles.de\/magazin\/wp-content\/uploads\/todes-sessel-hofgeschichte-meme-1024x576.jpg\" alt=\"Lustige Szene: Wenn das Date auf dem Sessel sitzt, in dem Opa gestorben ist \u2013 Video Thumbnail\" class=\"wp-image-3738 size-full\" srcset=\"https:\/\/farmersingles.de\/magazin\/wp-content\/uploads\/todes-sessel-hofgeschichte-meme-1024x576.jpg 1024w, https:\/\/farmersingles.de\/magazin\/wp-content\/uploads\/todes-sessel-hofgeschichte-meme-300x169.jpg 300w, https:\/\/farmersingles.de\/magazin\/wp-content\/uploads\/todes-sessel-hofgeschichte-meme-768x432.jpg 768w, https:\/\/farmersingles.de\/magazin\/wp-content\/uploads\/todes-sessel-hofgeschichte-meme.jpg 1280w\" sizes=\"(max-width: 1024px) 100vw, 1024px\" \/><\/figure><div class=\"wp-block-media-text__content\">\n<p><strong>Der \u201eTodes-Sessel\u201c: Wenn die Hof-Geschichte zu lebendig wird<\/strong> Alte Bauernh\u00e4user haben Charme, aber manchmal ist die Geschichte lebendiger, als man denkt. Ein Date, ein gem\u00fctlicher Ohrensessel und eine etwas zu ehrliche Familien-Chronik sorgen in diesem Clip f\u00fcr schwarzen Humor vom Feinsten. &#x1f449; <strong><a href=\"https:\/\/farmersingles.de\/magazin\/farmersingles-tv\/todes-sessel-hofgeschichte-video\/\" target=\"_blank\" rel=\"noopener\" title=\"\">[Clip ansehen]<\/a><\/strong><\/p>\n<\/div><\/div>\n\n\n\n<hr class=\"wp-block-separator has-alpha-channel-opacity\"\/>\n\n\n\n<div class=\"wp-block-media-text is-stacked-on-mobile\"><figure class=\"wp-block-media-text__media\"><img decoding=\"async\" width=\"1024\" height=\"576\" src=\"https:\/\/farmersingles.de\/magazin\/wp-content\/uploads\/romantik-im-heu-irrtum-meme-1024x576.jpg\" alt=\"Lustiger Vergleich: Romantik im Heu vs. Realit\u00e4t mit M\u00e4usen und Staub \u2013 Video Thumbnail\" class=\"wp-image-3746 size-full\" srcset=\"https:\/\/farmersingles.de\/magazin\/wp-content\/uploads\/romantik-im-heu-irrtum-meme-1024x576.jpg 1024w, https:\/\/farmersingles.de\/magazin\/wp-content\/uploads\/romantik-im-heu-irrtum-meme-300x169.jpg 300w, https:\/\/farmersingles.de\/magazin\/wp-content\/uploads\/romantik-im-heu-irrtum-meme-768x432.jpg 768w, https:\/\/farmersingles.de\/magazin\/wp-content\/uploads\/romantik-im-heu-irrtum-meme.jpg 1280w\" sizes=\"(max-width: 1024px) 100vw, 1024px\" \/><\/figure><div class=\"wp-block-media-text__content\">\n<p><strong>Romantik im Heu? Warum das Film-Klischee juckt<\/strong> Im Film sieht es kuschelig aus, in der Realit\u00e4t warten M\u00e4use, Staub und Milben. Wir erkl\u00e4ren augenzwinkernd, warum das Bett doch der bessere Ort f\u00fcr Romantik ist als der Heuboden. &#x1f449; <strong><a href=\"https:\/\/farmersingles.de\/magazin\/farmersingles-tv\/romantik-im-heu-irrtum-video\/\" title=\"\">[Clip ansehen]<\/a><\/strong><\/p>\n<\/div><\/div>\n\n\n\n<p><strong>Du willst noch mehr wissen?<\/strong> Wenn du tiefer in die Themen einsteigen willst, empfehlen wir dir unseren ausf\u00fchrlichen Lese-Ratgeber: &#x1f449; <strong><a href=\"https:\/\/farmersingles.de\/magazin\/singles-partnersuche-landwirtschaft\/der-ultimative-guide-zur-partnersuche-fuer-landwirte\/\" title=\"\">[Zum ultimativen Guide zur Partnersuche wechseln]<\/a><\/strong><\/p>\n\n\n\n<hr class=\"wp-block-separator has-alpha-channel-opacity\"\/>\n\n\n\n<p><\/p>\n","protected":false},"excerpt":{"rendered":"<p>Herzlich willkommen bei FarmerSingles TV! Hier dreht sich alles um bewegte Bilder f\u00fcr bewegte Herzen. Egal ob du handfeste Dating-Tipps<\/p>\n","protected":false},"author":3,"featured_media":3715,"parent":0,"menu_order":0,"comment_status":"closed","ping_status":"closed","template":"templates\/template-fullwidth.php","meta":{"_monsterinsights_skip_tracking":false,"_monsterinsights_sitenote_active":false,"_monsterinsights_sitenote_note":"","_monsterinsights_sitenote_category":0,"footnotes":""},"class_list":["post-3707","page","type-page","status-publish","has-post-thumbnail","hentry","comments-off"],"aioseo_notices":[],"aioseo_head":"\n\t\t<!-- All in One SEO Pro 4.9.5.2 - aioseo.com -->\n\t<meta name=\"description\" content=\"\u201eDie Video-Mediathek f\u00fcr Landwirte: Von Lenis Dating-Tipps bis zu lustigen Hof-Geschichten. \ud83d\udcfa Erfahre im Video, wie Partnersuche auf dem Land funktioniert.\u201c\" \/>\n\t<meta name=\"robots\" content=\"max-image-preview:large\" \/>\n\t<meta name=\"google-site-verification\" content=\"KEZ3cDM2NkJxOFs8eZsgARzq_2phF3da5NW-9GPDAEk\" \/>\n\t<meta name=\"p:domain_verify\" content=\"0cc3c227a37cb21099f62c20f8ad6f6d\" \/>\n\t<link rel=\"canonical\" href=\"https:\/\/farmersingles.de\/magazin\/tv\/\" \/>\n\t<meta name=\"generator\" content=\"All in One SEO Pro (AIOSEO) 4.9.5.2\" \/>\n\t\t<meta property=\"og:locale\" content=\"de_DE\" \/>\n\t\t<meta property=\"og:site_name\" content=\"FarmerSingles MAGAZIN | TIPPS F\u00dcR SINGLES vom Land &amp; BAUER SUCHT FRAU\" \/>\n\t\t<meta property=\"og:type\" content=\"article\" \/>\n\t\t<meta property=\"og:title\" content=\"FarmerSingles TV: Videos, Dating-Tipps \u2764\ufe0f &amp; Land-Comedy\" \/>\n\t\t<meta property=\"og:description\" content=\"\u201eDie Video-Mediathek f\u00fcr Landwirte: Von Lenis Dating-Tipps bis zu lustigen Hof-Geschichten. \ud83d\udcfa Erfahre im Video, wie Partnersuche auf dem Land funktioniert.\u201c\" \/>\n\t\t<meta property=\"og:url\" content=\"https:\/\/farmersingles.de\/magazin\/tv\/\" \/>\n\t\t<meta property=\"og:image\" content=\"https:\/\/farmersingles.de\/magazin\/wp-content\/uploads\/cropped-JS-logo-Menu-orange-2.png\" \/>\n\t\t<meta property=\"og:image:secure_url\" content=\"https:\/\/farmersingles.de\/magazin\/wp-content\/uploads\/cropped-JS-logo-Menu-orange-2.png\" \/>\n\t\t<meta property=\"og:image:width\" content=\"240\" \/>\n\t\t<meta property=\"og:image:height\" content=\"240\" \/>\n\t\t<meta property=\"article:published_time\" content=\"2025-11-27T23:49:26+00:00\" \/>\n\t\t<meta property=\"article:modified_time\" content=\"2025-11-28T13:50:39+00:00\" \/>\n\t\t<meta property=\"article:publisher\" content=\"https:\/\/www.facebook.com\/Farmersingles.de\/?locale=de_DE\" \/>\n\t\t<meta property=\"article:author\" content=\"https:\/\/facebook.com\/thomashonold1\" \/>\n\t\t<script type=\"application\/ld+json\" class=\"aioseo-schema\">\n\t\t\t{\"@context\":\"https:\\\/\\\/schema.org\",\"@graph\":[{\"@type\":\"BreadcrumbList\",\"@id\":\"https:\\\/\\\/farmersingles.de\\\/magazin\\\/tv\\\/#breadcrumblist\",\"itemListElement\":[{\"@type\":\"ListItem\",\"@id\":\"https:\\\/\\\/farmersingles.de\\\/magazin#listItem\",\"position\":1,\"name\":\"Home\",\"item\":\"https:\\\/\\\/farmersingles.de\\\/magazin\",\"nextItem\":{\"@type\":\"ListItem\",\"@id\":\"https:\\\/\\\/farmersingles.de\\\/magazin\\\/tv\\\/#listItem\",\"name\":\"FarmerSingles TV \\u2013 Deine Mediathek f\\u00fcr Landliebe, Tipps &#038; Unterhaltung\"}},{\"@type\":\"ListItem\",\"@id\":\"https:\\\/\\\/farmersingles.de\\\/magazin\\\/tv\\\/#listItem\",\"position\":2,\"name\":\"FarmerSingles TV \\u2013 Deine Mediathek f\\u00fcr Landliebe, Tipps &#038; Unterhaltung\",\"previousItem\":{\"@type\":\"ListItem\",\"@id\":\"https:\\\/\\\/farmersingles.de\\\/magazin#listItem\",\"name\":\"Home\"}}]},{\"@type\":\"Organization\",\"@id\":\"https:\\\/\\\/farmersingles.de\\\/magazin\\\/#organization\",\"name\":\"FarmerSingles.de\",\"description\":\"FarmerSingles.de ist die Singleb\\u00f6rse f\\u00fcr Landwirte und Singles vom Land. Im FarmerSingles Magazin findest du Tipps zur Partnersuche, Erfolgsgeschichten und News rund um Bauer sucht Frau.\",\"url\":\"https:\\\/\\\/farmersingles.de\\\/magazin\\\/\",\"email\":\"info@icony.com\",\"foundingDate\":\"2025-02-01\",\"numberOfEmployees\":{\"@type\":\"QuantitativeValue\",\"minValue\":0,\"maxValue\":10},\"logo\":{\"@type\":\"ImageObject\",\"url\":\"https:\\\/\\\/farmersingles.de\\\/magazin\\\/wp-content\\\/uploads\\\/farmersingles_logo_quadratisch.png\",\"@id\":\"https:\\\/\\\/farmersingles.de\\\/magazin\\\/tv\\\/#organizationLogo\",\"width\":1000,\"height\":1000,\"caption\":\"Logo Farmersingles Magazin Partnerusche, Love Storys und Bauer\"},\"image\":{\"@id\":\"https:\\\/\\\/farmersingles.de\\\/magazin\\\/tv\\\/#organizationLogo\"},\"sameAs\":[\"https:\\\/\\\/www.facebook.com\\\/Farmersingles.de\\\/?locale=de_DE\",\"https:\\\/\\\/www.youtube.com\\\/@JobSinglesDE\"],\"address\":{\"@id\":\"https:\\\/\\\/farmersingles.de\\\/magazin\\\/#postaladdress\",\"@type\":\"PostalAddress\",\"streetAddress\":\"Heinestra\\u00dfe 72,\",\"postalCode\":\"72762\",\"addressLocality\":\"Reutlingen\",\"addressRegion\":\"Baden-W\\u00fcrttemberg\",\"addressCountry\":\"DE\"},\"vatID\":\"UStIdNr. DE307590617\"},{\"@type\":\"WebPage\",\"@id\":\"https:\\\/\\\/farmersingles.de\\\/magazin\\\/tv\\\/#webpage\",\"url\":\"https:\\\/\\\/farmersingles.de\\\/magazin\\\/tv\\\/\",\"name\":\"FarmerSingles TV: Videos, Dating-Tipps \\u2764\\ufe0f & Land-Comedy\",\"description\":\"\\u201eDie Video-Mediathek f\\u00fcr Landwirte: Von Lenis Dating-Tipps bis zu lustigen Hof-Geschichten. \\ud83d\\udcfa Erfahre im Video, wie Partnersuche auf dem Land funktioniert.\\u201c\",\"inLanguage\":\"de-DE\",\"isPartOf\":{\"@id\":\"https:\\\/\\\/farmersingles.de\\\/magazin\\\/#website\"},\"breadcrumb\":{\"@id\":\"https:\\\/\\\/farmersingles.de\\\/magazin\\\/tv\\\/#breadcrumblist\"},\"image\":{\"@type\":\"ImageObject\",\"url\":\"https:\\\/\\\/farmersingles.de\\\/magazin\\\/wp-content\\\/uploads\\\/farmersingles-tv-mediathek-banner.png\",\"@id\":\"https:\\\/\\\/farmersingles.de\\\/magazin\\\/tv\\\/#mainImage\",\"width\":1920,\"height\":1080,\"caption\":\"Echte Tipps, wahre Stories & der beste Land-Humor.\"},\"primaryImageOfPage\":{\"@id\":\"https:\\\/\\\/farmersingles.de\\\/magazin\\\/tv\\\/#mainImage\"},\"datePublished\":\"2025-11-28T00:49:26+01:00\",\"dateModified\":\"2025-11-28T14:50:39+01:00\"},{\"@type\":\"WebSite\",\"@id\":\"https:\\\/\\\/farmersingles.de\\\/magazin\\\/#website\",\"url\":\"https:\\\/\\\/farmersingles.de\\\/magazin\\\/\",\"name\":\"FarmerSingles MAGAZIN\",\"alternateName\":\"TIPPS Partnersuche f\\u00fcr Landwirte und Singles vom Land\",\"description\":\"TIPPS F\\u00dcR SINGLES vom Land & BAUER SUCHT FRAU\",\"inLanguage\":\"de-DE\",\"publisher\":{\"@id\":\"https:\\\/\\\/farmersingles.de\\\/magazin\\\/#organization\"}}]}\n\t\t<\/script>\n\t\t<!-- All in One SEO Pro -->\r\n\t\t<title>FarmerSingles TV: Videos, Dating-Tipps \u2764\ufe0f &amp; Land-Comedy<\/title>\n\n","aioseo_head_json":{"title":"FarmerSingles TV: Videos, Dating-Tipps \u2764\ufe0f & Land-Comedy","description":"\u201eDie Video-Mediathek f\u00fcr Landwirte: Von Lenis Dating-Tipps bis zu lustigen Hof-Geschichten. \ud83d\udcfa Erfahre im Video, wie Partnersuche auf dem Land funktioniert.\u201c","canonical_url":"https:\/\/farmersingles.de\/magazin\/tv\/","robots":"max-image-preview:large","keywords":"","webmasterTools":{"google-site-verification":"KEZ3cDM2NkJxOFs8eZsgARzq_2phF3da5NW-9GPDAEk","p:domain_verify":"0cc3c227a37cb21099f62c20f8ad6f6d","miscellaneous":""},"schema":{"@context":"https:\/\/schema.org","@graph":[{"@type":"BreadcrumbList","@id":"https:\/\/farmersingles.de\/magazin\/tv\/#breadcrumblist","itemListElement":[{"@type":"ListItem","@id":"https:\/\/farmersingles.de\/magazin#listItem","position":1,"name":"Home","item":"https:\/\/farmersingles.de\/magazin","nextItem":{"@type":"ListItem","@id":"https:\/\/farmersingles.de\/magazin\/tv\/#listItem","name":"FarmerSingles TV \u2013 Deine Mediathek f\u00fcr Landliebe, Tipps &#038; Unterhaltung"}},{"@type":"ListItem","@id":"https:\/\/farmersingles.de\/magazin\/tv\/#listItem","position":2,"name":"FarmerSingles TV \u2013 Deine Mediathek f\u00fcr Landliebe, Tipps &#038; Unterhaltung","previousItem":{"@type":"ListItem","@id":"https:\/\/farmersingles.de\/magazin#listItem","name":"Home"}}]},{"@type":"Organization","@id":"https:\/\/farmersingles.de\/magazin\/#organization","name":"FarmerSingles.de","description":"FarmerSingles.de ist die Singleb\u00f6rse f\u00fcr Landwirte und Singles vom Land. Im FarmerSingles Magazin findest du Tipps zur Partnersuche, Erfolgsgeschichten und News rund um Bauer sucht Frau.","url":"https:\/\/farmersingles.de\/magazin\/","email":"info@icony.com","foundingDate":"2025-02-01","numberOfEmployees":{"@type":"QuantitativeValue","minValue":0,"maxValue":10},"logo":{"@type":"ImageObject","url":"https:\/\/farmersingles.de\/magazin\/wp-content\/uploads\/farmersingles_logo_quadratisch.png","@id":"https:\/\/farmersingles.de\/magazin\/tv\/#organizationLogo","width":1000,"height":1000,"caption":"Logo Farmersingles Magazin Partnerusche, Love Storys und Bauer"},"image":{"@id":"https:\/\/farmersingles.de\/magazin\/tv\/#organizationLogo"},"sameAs":["https:\/\/www.facebook.com\/Farmersingles.de\/?locale=de_DE","https:\/\/www.youtube.com\/@JobSinglesDE"],"address":{"@id":"https:\/\/farmersingles.de\/magazin\/#postaladdress","@type":"PostalAddress","streetAddress":"Heinestra\u00dfe 72,","postalCode":"72762","addressLocality":"Reutlingen","addressRegion":"Baden-W\u00fcrttemberg","addressCountry":"DE"},"vatID":"UStIdNr. DE307590617"},{"@type":"WebPage","@id":"https:\/\/farmersingles.de\/magazin\/tv\/#webpage","url":"https:\/\/farmersingles.de\/magazin\/tv\/","name":"FarmerSingles TV: Videos, Dating-Tipps \u2764\ufe0f & Land-Comedy","description":"\u201eDie Video-Mediathek f\u00fcr Landwirte: Von Lenis Dating-Tipps bis zu lustigen Hof-Geschichten. \ud83d\udcfa Erfahre im Video, wie Partnersuche auf dem Land funktioniert.\u201c","inLanguage":"de-DE","isPartOf":{"@id":"https:\/\/farmersingles.de\/magazin\/#website"},"breadcrumb":{"@id":"https:\/\/farmersingles.de\/magazin\/tv\/#breadcrumblist"},"image":{"@type":"ImageObject","url":"https:\/\/farmersingles.de\/magazin\/wp-content\/uploads\/farmersingles-tv-mediathek-banner.png","@id":"https:\/\/farmersingles.de\/magazin\/tv\/#mainImage","width":1920,"height":1080,"caption":"Echte Tipps, wahre Stories & der beste Land-Humor."},"primaryImageOfPage":{"@id":"https:\/\/farmersingles.de\/magazin\/tv\/#mainImage"},"datePublished":"2025-11-28T00:49:26+01:00","dateModified":"2025-11-28T14:50:39+01:00"},{"@type":"WebSite","@id":"https:\/\/farmersingles.de\/magazin\/#website","url":"https:\/\/farmersingles.de\/magazin\/","name":"FarmerSingles MAGAZIN","alternateName":"TIPPS Partnersuche f\u00fcr Landwirte und Singles vom Land","description":"TIPPS F\u00dcR SINGLES vom Land & BAUER SUCHT FRAU","inLanguage":"de-DE","publisher":{"@id":"https:\/\/farmersingles.de\/magazin\/#organization"}}]},"og:locale":"de_DE","og:site_name":"FarmerSingles MAGAZIN | TIPPS F\u00dcR SINGLES vom Land &amp; BAUER SUCHT FRAU","og:type":"article","og:title":"FarmerSingles TV: Videos, Dating-Tipps \u2764\ufe0f &amp; Land-Comedy","og:description":"\u201eDie Video-Mediathek f\u00fcr Landwirte: Von Lenis Dating-Tipps bis zu lustigen Hof-Geschichten. \ud83d\udcfa Erfahre im Video, wie Partnersuche auf dem Land funktioniert.\u201c","og:url":"https:\/\/farmersingles.de\/magazin\/tv\/","og:image":"https:\/\/farmersingles.de\/magazin\/wp-content\/uploads\/cropped-JS-logo-Menu-orange-2.png","og:image:secure_url":"https:\/\/farmersingles.de\/magazin\/wp-content\/uploads\/cropped-JS-logo-Menu-orange-2.png","og:image:width":240,"og:image:height":240,"article:published_time":"2025-11-27T23:49:26+00:00","article:modified_time":"2025-11-28T13:50:39+00:00","article:publisher":"https:\/\/www.facebook.com\/Farmersingles.de\/?locale=de_DE","article:author":"https:\/\/facebook.com\/thomashonold1"},"aioseo_meta_data":{"post_id":"3707","title":"FarmerSingles TV: Videos, Dating-Tipps \u2764\ufe0f &amp; Land-Comedy","description":"\u201eDie Video-Mediathek f\u00fcr Landwirte: Von Lenis Dating-Tipps bis zu lustigen Hof-Geschichten. \ud83d\udcfa Erfahre im Video, wie Partnersuche auf dem Land funktioniert.\u201c","keywords":null,"keyphrases":{"focus":{"keyphrase":"","score":0,"analysis":{"keyphraseInTitle":{"score":0,"maxScore":9,"error":1}}},"additional":[]},"primary_term":null,"canonical_url":null,"og_title":null,"og_description":null,"og_object_type":"default","og_image_type":"default","og_image_url":null,"og_image_width":null,"og_image_height":null,"og_image_custom_url":null,"og_image_custom_fields":null,"og_video":"","og_custom_url":null,"og_article_section":null,"og_article_tags":null,"twitter_use_og":false,"twitter_card":"default","twitter_image_type":"default","twitter_image_url":null,"twitter_image_custom_url":null,"twitter_image_custom_fields":null,"twitter_title":null,"twitter_description":null,"schema":{"blockGraphs":[],"customGraphs":[],"default":{"data":{"Article":[],"Course":[],"Dataset":[],"FAQPage":[],"Movie":[],"Person":[],"Product":[],"ProductReview":[],"Car":[],"Recipe":[],"Service":[],"SoftwareApplication":[],"WebPage":[]},"graphName":"none","isEnabled":true},"graphs":[]},"schema_type":"default","schema_type_options":null,"pillar_content":false,"robots_default":true,"robots_noindex":false,"robots_noarchive":false,"robots_nosnippet":false,"robots_nofollow":false,"robots_noimageindex":false,"robots_noodp":false,"robots_notranslate":false,"robots_max_snippet":"-1","robots_max_videopreview":"-1","robots_max_imagepreview":"large","priority":null,"frequency":"default","location":null,"local_seo":null,"seo_analyzer_scan_date":"2025-11-28 14:05:54","breadcrumb_settings":null,"limit_modified_date":false,"reviewed_by":"0","open_ai":null,"ai":{"faqs":[],"keyPoints":[],"titles":[],"descriptions":[],"socialPosts":{"email":[],"linkedin":[],"twitter":[],"facebook":[],"instagram":[]}},"created":"2025-11-27 23:47:10","updated":"2025-11-28 14:05:54"},"aioseo_breadcrumb":"<div class=\"aioseo-breadcrumbs\"><span class=\"aioseo-breadcrumb\">\n\t<a href=\"https:\/\/farmersingles.de\/magazin\" title=\"Home\">Home<\/a>\n<\/span><span class=\"aioseo-breadcrumb-separator\">\u00bb<\/span><span class=\"aioseo-breadcrumb\">\n\tFarmerSingles TV \u2013 Deine Mediathek f\u00fcr Landliebe, Tipps &amp; Unterhaltung\n<\/span><\/div>","aioseo_breadcrumb_json":[{"label":"Home","link":"https:\/\/farmersingles.de\/magazin"},{"label":"FarmerSingles TV \u2013 Deine Mediathek f\u00fcr Landliebe, Tipps &#038; Unterhaltung","link":"https:\/\/farmersingles.de\/magazin\/tv\/"}],"_links":{"self":[{"href":"https:\/\/farmersingles.de\/magazin\/wp-json\/wp\/v2\/pages\/3707","targetHints":{"allow":["GET"]}}],"collection":[{"href":"https:\/\/farmersingles.de\/magazin\/wp-json\/wp\/v2\/pages"}],"about":[{"href":"https:\/\/farmersingles.de\/magazin\/wp-json\/wp\/v2\/types\/page"}],"author":[{"embeddable":true,"href":"https:\/\/farmersingles.de\/magazin\/wp-json\/wp\/v2\/users\/3"}],"replies":[{"embeddable":true,"href":"https:\/\/farmersingles.de\/magazin\/wp-json\/wp\/v2\/comments?post=3707"}],"version-history":[{"count":0,"href":"https:\/\/farmersingles.de\/magazin\/wp-json\/wp\/v2\/pages\/3707\/revisions"}],"wp:featuredmedia":[{"embeddable":true,"href":"https:\/\/farmersingles.de\/magazin\/wp-json\/wp\/v2\/media\/3715"}],"wp:attachment":[{"href":"https:\/\/farmersingles.de\/magazin\/wp-json\/wp\/v2\/media?parent=3707"}],"curies":[{"name":"wp","href":"https:\/\/api.w.org\/{rel}","templated":true}]}}